{"id":720,"date":"2022-02-23T15:40:28","date_gmt":"2022-02-23T18:40:28","guid":{"rendered":"https:\/\/coretarapaca.cl\/wp\/?page_id=720"},"modified":"2025-06-16T12:12:15","modified_gmt":"2025-06-16T16:12:15","slug":"objetivos","status":"publish","type":"page","link":"https:\/\/coretarapaca.cl\/wp\/?page_id=720","title":{"rendered":"Objetivos"},"content":{"rendered":"\n<h2 class=\"wp-block-heading\"><\/h2>\n\n\n\n<p>1. Administrar el FNDR como instrumento para la asignaci\u00f3n eficiente de los recursos en funci\u00f3n de la Estrategia Regional de Desarrollo (ERD) de Tarapac\u00e1.<\/p>\n\n\n\n<p>2. Orientar y coordinar el proceso de Inversi\u00f3n P\u00fablica en la Regi\u00f3n de Tarapac\u00e1 por medio de la Gesti\u00f3n de los Territorios, para propender al desarrollo en la Regional.<\/p>\n\n\n\n<p>3. Promover y apoyar la integraci\u00f3n e inserci\u00f3n internacional de Tarapac\u00e1 a trav\u00e9s de la coordinaci\u00f3n de las instituciones p\u00fablicas y privadas.<\/p>\n","protected":false},"excerpt":{"rendered":"<p>1. Administrar el FNDR como instrumento para la asignaci\u00f3n eficiente de los recursos en funci\u00f3n de la Estrategia Regional de Desarrollo (ERD) de Tarapac\u00e1. 2. Orientar y coordinar el proceso de Inversi\u00f3n P\u00fablica en la Regi\u00f3n de Tarapac\u00e1 por medio de la Gesti\u00f3n de los Territorios, para propender al desarrollo en la Regional. 3. Promover [&hellip;]<\/p>\n","protected":false},"author":1,"featured_media":0,"parent":0,"menu_order":0,"comment_status":"closed","ping_status":"closed","template":"","meta":{"_mi_skip_tracking":false,"footnotes":""},"class_list":["post-720","page","type-page","status-publish","hentry"],"_links":{"self":[{"href":"https:\/\/coretarapaca.cl\/wp\/index.php?rest_route=\/wp\/v2\/pages\/720","targetHints":{"allow":["GET"]}}],"collection":[{"href":"https:\/\/coretarapaca.cl\/wp\/index.php?rest_route=\/wp\/v2\/pages"}],"about":[{"href":"https:\/\/coretarapaca.cl\/wp\/index.php?rest_route=\/wp\/v2\/types\/page"}],"author":[{"embeddable":true,"href":"https:\/\/coretarapaca.cl\/wp\/index.php?rest_route=\/wp\/v2\/users\/1"}],"replies":[{"embeddable":true,"href":"https:\/\/coretarapaca.cl\/wp\/index.php?rest_route=%2Fwp%2Fv2%2Fcomments&post=720"}],"version-history":[{"count":1,"href":"https:\/\/coretarapaca.cl\/wp\/index.php?rest_route=\/wp\/v2\/pages\/720\/revisions"}],"predecessor-version":[{"id":722,"href":"https:\/\/coretarapaca.cl\/wp\/index.php?rest_route=\/wp\/v2\/pages\/720\/revisions\/722"}],"wp:attachment":[{"href":"https:\/\/coretarapaca.cl\/wp\/index.php?rest_route=%2Fwp%2Fv2%2Fmedia&parent=720"}],"curies":[{"name":"wp","href":"https:\/\/api.w.org\/{rel}","templated":true}]}}